{"id":889,"date":"2023-08-06T12:17:05","date_gmt":"2023-08-06T12:17:05","guid":{"rendered":"https:\/\/sportingxirivella.com\/?page_id=889"},"modified":"2025-05-06T11:01:18","modified_gmt":"2025-05-06T11:01:18","slug":"inicio","status":"publish","type":"page","link":"https:\/\/sportingxirivella.com\/","title":{"rendered":"INICIO"},"content":{"rendered":"\t\t<div data-elementor-type=\"wp-page\" data-elementor-id=\"889\" class=\"elementor elementor-889\" data-elementor-post-type=\"page\">\n\t\t\t\t<div class=\"elementor-element elementor-element-79c2b415 e-flex e-con-boxed e-con e-parent\" data-id=\"79c2b415\" data-element_type=\"container\" data-e-type=\"container\" data-settings=\"{&quot;background_background&quot;:&quot;classic&quot;}\">\n\t\t\t\t\t<div class=\"e-con-inner\">\n\t\t\t\t<div class=\"elementor-element elementor-element-e164a16 elementor-widget elementor-widget-heading\" data-id=\"e164a16\" data-element_type=\"widget\" data-e-type=\"widget\" data-widget_type=\"heading.default\">\n\t\t\t\t\t<h2 class=\"elementor-heading-title elementor-size-default\">BIENVENIDOS<\/h2>\t\t\t\t<\/div>\n\t\t\t\t<div class=\"elementor-element elementor-element-06c2408 elementor-widget elementor-widget-heading\" data-id=\"06c2408\" data-element_type=\"widget\" data-e-type=\"widget\" data-widget_type=\"heading.default\">\n\t\t\t\t\t<h2 class=\"elementor-heading-title elementor-size-default\">CF SPORTING XIRIVELLA <\/h2>\t\t\t\t<\/div>\n\t\t\t\t<div class=\"elementor-element elementor-element-18a13e0 elementor-widget elementor-widget-button\" data-id=\"18a13e0\" data-element_type=\"widget\" data-e-type=\"widget\" data-widget_type=\"button.default\">\n\t\t\t\t\t\t\t\t\t\t<a class=\"elementor-button elementor-button-link elementor-size-xl\" href=\"https:\/\/sportingxirivella.com\/index.php\/juega-con-nosotros\/#INSCRIPCIONES23\/24\">\n\t\t\t\t\t\t<span class=\"elementor-button-content-wrapper\">\n\t\t\t\t\t\t<span class=\"elementor-button-icon\">\n\t\t\t\t<svg aria-hidden=\"true\" class=\"e-font-icon-svg e-far-address-book\" viewBox=\"0 0 448 512\" xmlns=\"http:\/\/www.w3.org\/2000\/svg\"><path d=\"M436 160c6.6 0 12-5.4 12-12v-40c0-6.6-5.4-12-12-12h-20V48c0-26.5-21.5-48-48-48H48C21.5 0 0 21.5 0 48v416c0 26.5 21.5 48 48 48h320c26.5 0 48-21.5 48-48v-48h20c6.6 0 12-5.4 12-12v-40c0-6.6-5.4-12-12-12h-20v-64h20c6.6 0 12-5.4 12-12v-40c0-6.6-5.4-12-12-12h-20v-64h20zm-68 304H48V48h320v416zM208 256c35.3 0 64-28.7 64-64s-28.7-64-64-64-64 28.7-64 64 28.7 64 64 64zm-89.6 128h179.2c12.4 0 22.4-8.6 22.4-19.2v-19.2c0-31.8-30.1-57.6-67.2-57.6-10.8 0-18.7 8-44.8 8-26.9 0-33.4-8-44.8-8-37.1 0-67.2 25.8-67.2 57.6v19.2c0 10.6 10 19.2 22.4 19.2z\"><\/path><\/svg>\t\t\t<\/span>\n\t\t\t\t\t\t\t\t\t<span class=\"elementor-button-text\">INSCRIPCIONES 2025\/2026<\/span>\n\t\t\t\t\t<\/span>\n\t\t\t\t\t<\/a>\n\t\t\t\t\t\t\t\t<\/div>\n\t\t\t\t<div class=\"elementor-element elementor-element-3262f3d elementor-widget elementor-widget-spacer\" data-id=\"3262f3d\" data-element_type=\"widget\" data-e-type=\"widget\" data-widget_type=\"spacer.default\">\n\t\t\t\t\t\t\t<div class=\"elementor-spacer\">\n\t\t\t<div class=\"elementor-spacer-inner\"><\/div>\n\t\t<\/div>\n\t\t\t\t\t\t<\/div>\n\t\t\t\t\t<\/div>\n\t\t\t\t<\/div>\n\t\t<div class=\"elementor-element elementor-element-59be966 e-flex e-con-boxed e-con e-parent\" data-id=\"59be966\" data-element_type=\"container\" data-e-type=\"container\">\n\t\t\t\t\t<div class=\"e-con-inner\">\n\t\t<div class=\"elementor-element elementor-element-bea63b9 e-con-full e-flex e-con e-child\" data-id=\"bea63b9\" data-element_type=\"container\" data-e-type=\"container\" data-settings=\"{&quot;background_background&quot;:&quot;classic&quot;}\">\n\t\t\t\t<div class=\"elementor-element elementor-element-d35871c elementor-position-top elementor-widget elementor-widget-image-box\" data-id=\"d35871c\" data-element_type=\"widget\" data-e-type=\"widget\" data-widget_type=\"image-box.default\">\n\t\t\t\t\t<div class=\"elementor-image-box-wrapper\"><figure class=\"elementor-image-box-img\"><img fetchpriority=\"high\" decoding=\"async\" width=\"512\" height=\"512\" src=\"https:\/\/sportingxirivella.com\/wp-content\/uploads\/2024\/04\/ejercicio.png\" class=\"attachment-full size-full wp-image-1565\" alt=\"\" srcset=\"https:\/\/sportingxirivella.com\/wp-content\/uploads\/2024\/04\/ejercicio.png 512w, https:\/\/sportingxirivella.com\/wp-content\/uploads\/2024\/04\/ejercicio-300x300.png 300w, https:\/\/sportingxirivella.com\/wp-content\/uploads\/2024\/04\/ejercicio-150x150.png 150w\" sizes=\"(max-width: 512px) 100vw, 512px\" \/><\/figure><div class=\"elementor-image-box-content\"><h3 class=\"elementor-image-box-title\">TECNIFICACI\u00d3N<\/h3><p class=\"elementor-image-box-description\">Alcanza tu m\u00e1ximo nivel en el f\u00fatbol con nuestra tecnificaci\u00f3n de \u00e9lite. Entrenadores expertos para sobresalir en el campo.<\/p><\/div><\/div>\t\t\t\t<\/div>\n\t\t\t\t<div class=\"elementor-element elementor-element-5bf09c9 elementor-align-center elementor-widget elementor-widget-button\" data-id=\"5bf09c9\" data-element_type=\"widget\" data-e-type=\"widget\" data-widget_type=\"button.default\">\n\t\t\t\t\t\t\t\t\t\t<a class=\"elementor-button elementor-button-link elementor-size-sm\" href=\"https:\/\/papofut.com\/tecnificacion-de-futbol-en-valecnia\/\">\n\t\t\t\t\t\t<span class=\"elementor-button-content-wrapper\">\n\t\t\t\t\t\t\t\t\t<span class=\"elementor-button-text\">SABER M\u00c1S<\/span>\n\t\t\t\t\t<\/span>\n\t\t\t\t\t<\/a>\n\t\t\t\t\t\t\t\t<\/div>\n\t\t\t\t<\/div>\n\t\t<div class=\"elementor-element elementor-element-f184118 e-con-full e-flex e-con e-child\" data-id=\"f184118\" data-element_type=\"container\" data-e-type=\"container\" data-settings=\"{&quot;background_background&quot;:&quot;classic&quot;}\">\n\t\t\t\t<div class=\"elementor-element elementor-element-eacb4ad elementor-position-top elementor-widget elementor-widget-image-box\" data-id=\"eacb4ad\" data-element_type=\"widget\" data-e-type=\"widget\" data-widget_type=\"image-box.default\">\n\t\t\t\t\t<div class=\"elementor-image-box-wrapper\"><figure class=\"elementor-image-box-img\"><img decoding=\"async\" width=\"512\" height=\"512\" src=\"https:\/\/sportingxirivella.com\/wp-content\/uploads\/2024\/04\/estadio.png\" class=\"attachment-full size-full wp-image-1564\" alt=\"\" srcset=\"https:\/\/sportingxirivella.com\/wp-content\/uploads\/2024\/04\/estadio.png 512w, https:\/\/sportingxirivella.com\/wp-content\/uploads\/2024\/04\/estadio-300x300.png 300w, https:\/\/sportingxirivella.com\/wp-content\/uploads\/2024\/04\/estadio-150x150.png 150w\" sizes=\"(max-width: 512px) 100vw, 512px\" \/><\/figure><div class=\"elementor-image-box-content\"><h3 class=\"elementor-image-box-title\">JORNADA PUERTAS ABIERTAS<\/h3><p class=\"elementor-image-box-description\">Participa en emocionantes torneos, entrena con expertos y forma parte de nuestra apasionada comunidad futbol\u00edstica. <\/p><\/div><\/div>\t\t\t\t<\/div>\n\t\t\t\t<div class=\"elementor-element elementor-element-c4cc536 elementor-align-center elementor-widget elementor-widget-button\" data-id=\"c4cc536\" data-element_type=\"widget\" data-e-type=\"widget\" data-widget_type=\"button.default\">\n\t\t\t\t\t\t\t\t\t\t<a class=\"elementor-button elementor-button-link elementor-size-sm\" href=\"https:\/\/sportingxirivella.com\/index.php\/inscripcion-pruebas-jugadores\/\">\n\t\t\t\t\t\t<span class=\"elementor-button-content-wrapper\">\n\t\t\t\t\t\t\t\t\t<span class=\"elementor-button-text\">SABER M\u00c1S<\/span>\n\t\t\t\t\t<\/span>\n\t\t\t\t\t<\/a>\n\t\t\t\t\t\t\t\t<\/div>\n\t\t\t\t<\/div>\n\t\t<div class=\"elementor-element elementor-element-372d4fa e-con-full e-flex e-con e-child\" data-id=\"372d4fa\" data-element_type=\"container\" data-e-type=\"container\" data-settings=\"{&quot;background_background&quot;:&quot;classic&quot;}\">\n\t\t\t\t<div class=\"elementor-element elementor-element-ecac33b elementor-position-top elementor-widget elementor-widget-image-box\" data-id=\"ecac33b\" data-element_type=\"widget\" data-e-type=\"widget\" data-widget_type=\"image-box.default\">\n\t\t\t\t\t<div class=\"elementor-image-box-wrapper\"><figure class=\"elementor-image-box-img\"><img decoding=\"async\" width=\"512\" height=\"512\" src=\"https:\/\/sportingxirivella.com\/wp-content\/uploads\/2024\/04\/hecho.png\" class=\"attachment-full size-full wp-image-1563\" alt=\"\" srcset=\"https:\/\/sportingxirivella.com\/wp-content\/uploads\/2024\/04\/hecho.png 512w, https:\/\/sportingxirivella.com\/wp-content\/uploads\/2024\/04\/hecho-300x300.png 300w, https:\/\/sportingxirivella.com\/wp-content\/uploads\/2024\/04\/hecho-150x150.png 150w\" sizes=\"(max-width: 512px) 100vw, 512px\" \/><\/figure><div class=\"elementor-image-box-content\"><h3 class=\"elementor-image-box-title\">NORMATIVA<\/h3><p class=\"elementor-image-box-description\">Contribuye a mantener un ambiente positivo en nuestra comunidad. Incluye pol\u00edticas de privacidad y condiciones de participaci\u00f3n\n\n\n<\/p><\/div><\/div>\t\t\t\t<\/div>\n\t\t\t\t<div class=\"elementor-element elementor-element-85fa377 elementor-align-center elementor-widget elementor-widget-button\" data-id=\"85fa377\" data-element_type=\"widget\" data-e-type=\"widget\" data-widget_type=\"button.default\">\n\t\t\t\t\t\t\t\t\t\t<a class=\"elementor-button elementor-button-link elementor-size-sm\" href=\"https:\/\/sportingxirivella.com\/index.php\/normativa\/\">\n\t\t\t\t\t\t<span class=\"elementor-button-content-wrapper\">\n\t\t\t\t\t\t\t\t\t<span class=\"elementor-button-text\">SABER M\u00c1S<\/span>\n\t\t\t\t\t<\/span>\n\t\t\t\t\t<\/a>\n\t\t\t\t\t\t\t\t<\/div>\n\t\t\t\t<\/div>\n\t\t\t\t\t<\/div>\n\t\t\t\t<\/div>\n\t\t<div class=\"elementor-element elementor-element-3dad7b0 e-con-full e-flex e-con e-parent\" data-id=\"3dad7b0\" data-element_type=\"container\" data-e-type=\"container\">\n\t\t\t\t<div class=\"elementor-element elementor-element-ec7d741 elementor-widget elementor-widget-heading\" data-id=\"ec7d741\" data-element_type=\"widget\" data-e-type=\"widget\" data-widget_type=\"heading.default\">\n\t\t\t\t\t<h2 class=\"elementor-heading-title elementor-size-default\">CAMPUS DE VERANO<\/h2>\t\t\t\t<\/div>\n\t\t\t\t<\/div>\n\t\t<div class=\"elementor-element elementor-element-e42dc99 e-flex e-con-boxed e-con e-parent\" data-id=\"e42dc99\" data-element_type=\"container\" data-e-type=\"container\">\n\t\t\t\t\t<div class=\"e-con-inner\">\n\t\t\t\t<div class=\"elementor-element elementor-element-f8682e5 elementor-widget elementor-widget-image\" data-id=\"f8682e5\" data-element_type=\"widget\" data-e-type=\"widget\" data-widget_type=\"image.default\">\n\t\t\t\t\t\t\t\t\t\t\t\t\t\t\t<img loading=\"lazy\" decoding=\"async\" width=\"600\" height=\"900\" src=\"https:\/\/sportingxirivella.com\/wp-content\/uploads\/2025\/05\/CAMPUS-DE-VERANO-2024.png\" class=\"attachment-medium_large size-medium_large wp-image-2006\" alt=\"\" srcset=\"https:\/\/sportingxirivella.com\/wp-content\/uploads\/2025\/05\/CAMPUS-DE-VERANO-2024.png 600w, https:\/\/sportingxirivella.com\/wp-content\/uploads\/2025\/05\/CAMPUS-DE-VERANO-2024-200x300.png 200w\" sizes=\"(max-width: 600px) 100vw, 600px\" \/>\t\t\t\t\t\t\t\t\t\t\t\t\t\t\t<\/div>\n\t\t\t\t<div class=\"elementor-element elementor-element-83725a6 elementor-align-center elementor-widget elementor-widget-button\" data-id=\"83725a6\" data-element_type=\"widget\" data-e-type=\"widget\" data-widget_type=\"button.default\">\n\t\t\t\t\t\t\t\t\t\t<a class=\"elementor-button elementor-button-link elementor-size-xl\" href=\"https:\/\/papofut.com\/campus-de-futbol-en-verano-valencia\/\">\n\t\t\t\t\t\t<span class=\"elementor-button-content-wrapper\">\n\t\t\t\t\t\t\t\t\t<span class=\"elementor-button-text\">INSCR\u00cdBETE YA <\/span>\n\t\t\t\t\t<\/span>\n\t\t\t\t\t<\/a>\n\t\t\t\t\t\t\t\t<\/div>\n\t\t\t\t\t<\/div>\n\t\t\t\t<\/div>\n\t\t<div class=\"elementor-element elementor-element-20d621c e-flex e-con-boxed e-con e-parent\" data-id=\"20d621c\" data-element_type=\"container\" data-e-type=\"container\" data-settings=\"{&quot;background_background&quot;:&quot;classic&quot;}\">\n\t\t\t\t\t<div class=\"e-con-inner\">\n\t\t\t\t<div class=\"elementor-element elementor-element-0b701ae elementor-widget elementor-widget-heading\" data-id=\"0b701ae\" data-element_type=\"widget\" data-e-type=\"widget\" data-widget_type=\"heading.default\">\n\t\t\t\t\t<h2 class=\"elementor-heading-title elementor-size-default\">METODOLOG\u00cdA PAPOFUT: <BR>\nPERIODIZACI\u00d3N PSICOT\u00c9CNICA-T\u00c1CTICA<\/h2>\t\t\t\t<\/div>\n\t\t\t\t\t<\/div>\n\t\t\t\t<\/div>\n\t\t<div class=\"elementor-element elementor-element-9a2effc e-flex e-con-boxed e-con e-parent\" data-id=\"9a2effc\" data-element_type=\"container\" data-e-type=\"container\" data-settings=\"{&quot;background_background&quot;:&quot;classic&quot;}\">\n\t\t\t\t\t<div class=\"e-con-inner\">\n\t\t<div class=\"elementor-element elementor-element-e8f1d5a e-con-full e-flex e-con e-child\" data-id=\"e8f1d5a\" data-element_type=\"container\" data-e-type=\"container\">\n\t\t\t\t<div class=\"elementor-element elementor-element-9be415a elementor-position-left elementor-vertical-align-top elementor-widget elementor-widget-image-box\" data-id=\"9be415a\" data-element_type=\"widget\" data-e-type=\"widget\" data-widget_type=\"image-box.default\">\n\t\t\t\t\t<div class=\"elementor-image-box-wrapper\"><figure class=\"elementor-image-box-img\"><img loading=\"lazy\" decoding=\"async\" width=\"512\" height=\"512\" src=\"https:\/\/sportingxirivella.com\/wp-content\/uploads\/2023\/08\/1f3af.png\" class=\"attachment-full size-full wp-image-1074\" alt=\"\" srcset=\"https:\/\/sportingxirivella.com\/wp-content\/uploads\/2023\/08\/1f3af.png 512w, https:\/\/sportingxirivella.com\/wp-content\/uploads\/2023\/08\/1f3af-300x300.png 300w, https:\/\/sportingxirivella.com\/wp-content\/uploads\/2023\/08\/1f3af-150x150.png 150w\" sizes=\"(max-width: 512px) 100vw, 512px\" \/><\/figure><div class=\"elementor-image-box-content\"><h3 class=\"elementor-image-box-title\">NUESTROS OBJETIVOS<\/h3><p class=\"elementor-image-box-description\">Que cada jugador o jugadora pueda aprender con nosotros sobre FUTBOL, <br> \nsobre SI MISMOS y sobre LA VIDA.<\/p><\/div><\/div>\t\t\t\t<\/div>\n\t\t\t\t<div class=\"elementor-element elementor-element-9a6bf0d elementor-position-left elementor-vertical-align-top elementor-widget elementor-widget-image-box\" data-id=\"9a6bf0d\" data-element_type=\"widget\" data-e-type=\"widget\" data-widget_type=\"image-box.default\">\n\t\t\t\t\t<div class=\"elementor-image-box-wrapper\"><figure class=\"elementor-image-box-img\"><img loading=\"lazy\" decoding=\"async\" width=\"512\" height=\"512\" src=\"https:\/\/sportingxirivella.com\/wp-content\/uploads\/2023\/08\/4149648.png\" class=\"attachment-full size-full wp-image-1076\" alt=\"\" srcset=\"https:\/\/sportingxirivella.com\/wp-content\/uploads\/2023\/08\/4149648.png 512w, https:\/\/sportingxirivella.com\/wp-content\/uploads\/2023\/08\/4149648-300x300.png 300w, https:\/\/sportingxirivella.com\/wp-content\/uploads\/2023\/08\/4149648-150x150.png 150w\" sizes=\"(max-width: 512px) 100vw, 512px\" \/><\/figure><div class=\"elementor-image-box-content\"><h3 class=\"elementor-image-box-title\">PRINCIPIOS METODOL\u00d3GICOS<\/h3><p class=\"elementor-image-box-description\">Nos basaremos en aspectos t\u00e9cnicos, t\u00e1cticos f\u00edsicos  y psicol\u00f3gicos. Priorizando las caracter\u00edsticas del jugador y su progreso. <\/p><\/div><\/div>\t\t\t\t<\/div>\n\t\t\t\t<div class=\"elementor-element elementor-element-d66b934 elementor-position-left elementor-vertical-align-top elementor-widget elementor-widget-image-box\" data-id=\"d66b934\" data-element_type=\"widget\" data-e-type=\"widget\" data-widget_type=\"image-box.default\">\n\t\t\t\t\t<div class=\"elementor-image-box-wrapper\"><figure class=\"elementor-image-box-img\"><img loading=\"lazy\" decoding=\"async\" width=\"512\" height=\"512\" src=\"https:\/\/sportingxirivella.com\/wp-content\/uploads\/2023\/08\/1721929.png\" class=\"attachment-full size-full wp-image-1079\" alt=\"\" srcset=\"https:\/\/sportingxirivella.com\/wp-content\/uploads\/2023\/08\/1721929.png 512w, https:\/\/sportingxirivella.com\/wp-content\/uploads\/2023\/08\/1721929-300x300.png 300w, https:\/\/sportingxirivella.com\/wp-content\/uploads\/2023\/08\/1721929-150x150.png 150w\" sizes=\"(max-width: 512px) 100vw, 512px\" \/><\/figure><div class=\"elementor-image-box-content\"><h3 class=\"elementor-image-box-title\">ORGANIZACI\u00d3N SESIONES<\/h3><p class=\"elementor-image-box-description\">Primera parte: Ejercicios psicot\u00e9cnicos.<br>\nSegunda parte: Ejercicios t\u00e9cnicos aplicados.<br>\nTercera parte: Formas jugadas t\u00e1cticas. <\/p><\/div><\/div>\t\t\t\t<\/div>\n\t\t\t\t<\/div>\n\t\t<div class=\"elementor-element elementor-element-9b25b74 e-con-full e-flex e-con e-child\" data-id=\"9b25b74\" data-element_type=\"container\" data-e-type=\"container\">\n\t\t\t\t<div class=\"elementor-element elementor-element-6e5db1c elementor-position-left elementor-vertical-align-top elementor-widget elementor-widget-image-box\" data-id=\"6e5db1c\" data-element_type=\"widget\" data-e-type=\"widget\" data-widget_type=\"image-box.default\">\n\t\t\t\t\t<div class=\"elementor-image-box-wrapper\"><figure class=\"elementor-image-box-img\"><img loading=\"lazy\" decoding=\"async\" width=\"512\" height=\"512\" src=\"https:\/\/sportingxirivella.com\/wp-content\/uploads\/2023\/08\/3588480.png\" class=\"attachment-full size-full wp-image-1078\" alt=\"\" srcset=\"https:\/\/sportingxirivella.com\/wp-content\/uploads\/2023\/08\/3588480.png 512w, https:\/\/sportingxirivella.com\/wp-content\/uploads\/2023\/08\/3588480-300x300.png 300w, https:\/\/sportingxirivella.com\/wp-content\/uploads\/2023\/08\/3588480-150x150.png 150w\" sizes=\"(max-width: 512px) 100vw, 512px\" \/><\/figure><div class=\"elementor-image-box-content\"><h3 class=\"elementor-image-box-title\">CUERPO T\u00c9CNICO<\/h3><p class=\"elementor-image-box-description\">Todos los entrenadores con t\u00edtulos de t\u00e9cnicos deportivos y\/o licenciados en educaci\u00f3n f\u00edsica, psicologia, fisiolog\u00eda...<\/p><\/div><\/div>\t\t\t\t<\/div>\n\t\t\t\t<div class=\"elementor-element elementor-element-0d4e0aa elementor-position-left elementor-vertical-align-top elementor-widget elementor-widget-image-box\" data-id=\"0d4e0aa\" data-element_type=\"widget\" data-e-type=\"widget\" data-widget_type=\"image-box.default\">\n\t\t\t\t\t<div class=\"elementor-image-box-wrapper\"><figure class=\"elementor-image-box-img\"><img loading=\"lazy\" decoding=\"async\" width=\"512\" height=\"512\" src=\"https:\/\/sportingxirivella.com\/wp-content\/uploads\/2023\/08\/13d732c94ca7b29bc6a99c188cc4b945.png\" class=\"attachment-full size-full wp-image-1080\" alt=\"\" srcset=\"https:\/\/sportingxirivella.com\/wp-content\/uploads\/2023\/08\/13d732c94ca7b29bc6a99c188cc4b945.png 512w, https:\/\/sportingxirivella.com\/wp-content\/uploads\/2023\/08\/13d732c94ca7b29bc6a99c188cc4b945-300x300.png 300w, https:\/\/sportingxirivella.com\/wp-content\/uploads\/2023\/08\/13d732c94ca7b29bc6a99c188cc4b945-150x150.png 150w\" sizes=\"(max-width: 512px) 100vw, 512px\" \/><\/figure><div class=\"elementor-image-box-content\"><h3 class=\"elementor-image-box-title\">ESTILOS DE ENSE\u00d1ANZA<\/h3><p class=\"elementor-image-box-description\">Asignaci\u00f3n de tareas para la T\u00e9cnica.<br>\nDescubrimiento guiado para la T\u00e1ctica.\n<br>\nResoluci\u00f3n de conflicto para psicologia.  <\/p><\/div><\/div>\t\t\t\t<\/div>\n\t\t\t\t<div class=\"elementor-element elementor-element-bddce72 elementor-position-left elementor-vertical-align-top elementor-widget elementor-widget-image-box\" data-id=\"bddce72\" data-element_type=\"widget\" data-e-type=\"widget\" data-widget_type=\"image-box.default\">\n\t\t\t\t\t<div class=\"elementor-image-box-wrapper\"><figure class=\"elementor-image-box-img\"><img loading=\"lazy\" decoding=\"async\" width=\"512\" height=\"512\" src=\"https:\/\/sportingxirivella.com\/wp-content\/uploads\/2023\/08\/1f3df.png\" class=\"attachment-full size-full wp-image-1077\" alt=\"\" srcset=\"https:\/\/sportingxirivella.com\/wp-content\/uploads\/2023\/08\/1f3df.png 512w, https:\/\/sportingxirivella.com\/wp-content\/uploads\/2023\/08\/1f3df-300x300.png 300w, https:\/\/sportingxirivella.com\/wp-content\/uploads\/2023\/08\/1f3df-150x150.png 150w\" sizes=\"(max-width: 512px) 100vw, 512px\" \/><\/figure><div class=\"elementor-image-box-content\"><h3 class=\"elementor-image-box-title\">RECURSOS METODOL\u00d3GICOS<\/h3><p class=\"elementor-image-box-description\">Espaciales: Campo de F11 y dos de F8. <br>\nTemporales: De 2-4 dias semanales.<br>\nOrganizativos: Preparaci\u00f3n individual.<\/p><\/div><\/div>\t\t\t\t<\/div>\n\t\t\t\t<\/div>\n\t\t\t\t\t<\/div>\n\t\t\t\t<\/div>\n\t\t\t\t<\/div>\n\t\t","protected":false},"excerpt":{"rendered":"<p>BIENVENIDOS CF SPORTING XIRIVELLA INSCRIPCIONES 2025\/2026 TECNIFICACI\u00d3N Alcanza tu m\u00e1ximo nivel en el f\u00fatbol con nuestra tecnificaci\u00f3n de \u00e9lite. Entrenadores expertos para sobresalir en el campo. SABER M\u00c1S JORNADA PUERTAS ABIERTAS Participa en emocionantes torneos, entrena con expertos y forma parte de nuestra apasionada comunidad futbol\u00edstica. SABER M\u00c1S NORMATIVA Contribuye a mantener un ambiente positivo [&hellip;]<\/p>\n","protected":false},"author":2,"featured_media":0,"parent":0,"menu_order":0,"comment_status":"closed","ping_status":"closed","template":"","meta":{"footnotes":""},"class_list":["post-889","page","type-page","status-publish","hentry"],"_links":{"self":[{"href":"https:\/\/sportingxirivella.com\/index.php\/wp-json\/wp\/v2\/pages\/889","targetHints":{"allow":["GET"]}}],"collection":[{"href":"https:\/\/sportingxirivella.com\/index.php\/wp-json\/wp\/v2\/pages"}],"about":[{"href":"https:\/\/sportingxirivella.com\/index.php\/wp-json\/wp\/v2\/types\/page"}],"author":[{"embeddable":true,"href":"https:\/\/sportingxirivella.com\/index.php\/wp-json\/wp\/v2\/users\/2"}],"replies":[{"embeddable":true,"href":"https:\/\/sportingxirivella.com\/index.php\/wp-json\/wp\/v2\/comments?post=889"}],"version-history":[{"count":181,"href":"https:\/\/sportingxirivella.com\/index.php\/wp-json\/wp\/v2\/pages\/889\/revisions"}],"predecessor-version":[{"id":2012,"href":"https:\/\/sportingxirivella.com\/index.php\/wp-json\/wp\/v2\/pages\/889\/revisions\/2012"}],"wp:attachment":[{"href":"https:\/\/sportingxirivella.com\/index.php\/wp-json\/wp\/v2\/media?parent=889"}],"curies":[{"name":"wp","href":"https:\/\/api.w.org\/{rel}","templated":true}]}}