{"id":863,"date":"2023-08-06T11:14:59","date_gmt":"2023-08-06T11:14:59","guid":{"rendered":"https:\/\/sportingxirivella.com\/?page_id=863"},"modified":"2023-08-18T18:50:10","modified_gmt":"2023-08-18T18:50:10","slug":"blog","status":"publish","type":"page","link":"https:\/\/sportingxirivella.com\/index.php\/blog\/","title":{"rendered":"BLOG"},"content":{"rendered":"\t\t<div data-elementor-type=\"wp-page\" data-elementor-id=\"863\" class=\"elementor elementor-863\" data-elementor-post-type=\"page\">\n\t\t\t\t<div class=\"elementor-element elementor-element-593aff0 e-flex e-con-boxed e-con e-parent\" data-id=\"593aff0\" data-element_type=\"container\" data-e-type=\"container\" data-settings=\"{&quot;background_background&quot;:&quot;classic&quot;}\">\n\t\t\t\t\t<div class=\"e-con-inner\">\n\t\t\t\t<div class=\"elementor-element elementor-element-62997c6 elementor-widget elementor-widget-heading\" data-id=\"62997c6\" data-element_type=\"widget\" data-e-type=\"widget\" data-widget_type=\"heading.default\">\n\t\t\t\t\t<h2 class=\"elementor-heading-title elementor-size-default\">A\u00f1ade aqu\u00ed tu texto de cabecera<\/h2>\t\t\t\t<\/div>\n\t\t\t\t\t<\/div>\n\t\t\t\t<\/div>\n\t\t<div class=\"elementor-element elementor-element-9311e15 e-flex e-con-boxed e-con e-parent\" data-id=\"9311e15\" data-element_type=\"container\" data-e-type=\"container\" data-settings=\"{&quot;background_background&quot;:&quot;classic&quot;}\">\n\t\t\t\t\t<div class=\"e-con-inner\">\n\t\t\t\t<div class=\"elementor-element elementor-element-4bad1cb elementor-widget elementor-widget-spacer\" data-id=\"4bad1cb\" data-element_type=\"widget\" data-e-type=\"widget\" data-widget_type=\"spacer.default\">\n\t\t\t\t\t\t\t<div class=\"elementor-spacer\">\n\t\t\t<div class=\"elementor-spacer-inner\"><\/div>\n\t\t<\/div>\n\t\t\t\t\t\t<\/div>\n\t\t\t\t<div class=\"elementor-element elementor-element-7cd4678 elementor-widget elementor-widget-heading\" data-id=\"7cd4678\" data-element_type=\"widget\" data-e-type=\"widget\" data-widget_type=\"heading.default\">\n\t\t\t\t\t<h2 class=\"elementor-heading-title elementor-size-default\">\u00daLTIMAS NOTICIAS<\/h2>\t\t\t\t<\/div>\n\t\t\t\t<div class=\"elementor-element elementor-element-fa494f9 elementor-widget elementor-widget-spacer\" data-id=\"fa494f9\" data-element_type=\"widget\" data-e-type=\"widget\" data-widget_type=\"spacer.default\">\n\t\t\t\t\t\t\t<div class=\"elementor-spacer\">\n\t\t\t<div class=\"elementor-spacer-inner\"><\/div>\n\t\t<\/div>\n\t\t\t\t\t\t<\/div>\n\t\t\t\t<div class=\"elementor-element elementor-element-7692756 elementor-widget elementor-widget-heading\" data-id=\"7692756\" data-element_type=\"widget\" data-e-type=\"widget\" data-widget_type=\"heading.default\">\n\t\t\t\t\t<h2 class=\"elementor-heading-title elementor-size-default\">Mantente al tanto de todas las actualizaciones del CF Sporting Xirivella. No te pierdas ninguna noticia relevante de nuestro equipo.<\/h2>\t\t\t\t<\/div>\n\t\t\t\t<div class=\"elementor-element elementor-element-fed995e elementor-widget elementor-widget-spacer\" data-id=\"fed995e\" data-element_type=\"widget\" data-e-type=\"widget\" data-widget_type=\"spacer.default\">\n\t\t\t\t\t\t\t<div class=\"elementor-spacer\">\n\t\t\t<div class=\"elementor-spacer-inner\"><\/div>\n\t\t<\/div>\n\t\t\t\t\t\t<\/div>\n\t\t\t\t\t<\/div>\n\t\t\t\t<\/div>\n\t\t<div class=\"elementor-element elementor-element-79788d8 e-flex e-con-boxed e-con e-parent\" data-id=\"79788d8\" data-element_type=\"container\" data-e-type=\"container\">\n\t\t\t\t\t<div class=\"e-con-inner\">\n\t\t\t\t<div class=\"elementor-element elementor-element-bb948a0 elementor-grid-3 elementor-grid-tablet-2 elementor-grid-mobile-1 elementor-posts--thumbnail-top elementor-widget elementor-widget-posts\" data-id=\"bb948a0\" data-element_type=\"widget\" data-e-type=\"widget\" data-settings=\"{&quot;classic_columns&quot;:&quot;3&quot;,&quot;classic_columns_tablet&quot;:&quot;2&quot;,&quot;classic_columns_mobile&quot;:&quot;1&quot;,&quot;classic_row_gap&quot;:{&quot;unit&quot;:&quot;px&quot;,&quot;size&quot;:35,&quot;sizes&quot;:[]},&quot;classic_row_gap_tablet&quot;:{&quot;unit&quot;:&quot;px&quot;,&quot;size&quot;:&quot;&quot;,&quot;sizes&quot;:[]},&quot;classic_row_gap_mobile&quot;:{&quot;unit&quot;:&quot;px&quot;,&quot;size&quot;:&quot;&quot;,&quot;sizes&quot;:[]}}\" data-widget_type=\"posts.classic\">\n\t\t\t\t<div class=\"elementor-widget-container\">\n\t\t\t\t\t\t\t<div class=\"elementor-posts-container elementor-posts elementor-posts--skin-classic elementor-grid\" role=\"list\">\n\t\t\t\t<article class=\"elementor-post elementor-grid-item post-1343 post type-post status-publish format-standard hentry category-uncategorized\" role=\"listitem\">\n\t\t\t\t<div class=\"elementor-post__text\">\n\t\t\t\t<h3 class=\"elementor-post__title\">\n\t\t\t<a href=\"https:\/\/sportingxirivella.com\/index.php\/2023\/11\/20\/ebienvenidos-al-blog-del-cf-sporting-xirivella-descubre-el-alma-del-deporte-en-xiriveelementor\/\" >\n\t\t\t\t\u00a1Bienvenidos al Blog del CF Sporting Xirivella! Descubre el Alma del Deporte en Xirivella\t\t\t<\/a>\n\t\t<\/h3>\n\t\t\t\t<div class=\"elementor-post__meta-data\">\n\t\t\t\t\t<span class=\"elementor-post-date\">\n\t\t\tnoviembre 20, 2023\t\t<\/span>\n\t\t\t\t<span class=\"elementor-post-avatar\">\n\t\t\tNo hay comentarios\t\t<\/span>\n\t\t\t\t<\/div>\n\t\t\t\t<div class=\"elementor-post__excerpt\">\n\t\t\t<p>\u00a1Hola a todos los apasionados del f\u00fatbol en Xirivella y m\u00e1s all\u00e1! Estamos emocionados de presentarles el nuevo blog del CF Sporting Xirivella, tu fuente<\/p>\n\t\t<\/div>\n\t\t\n\t\t<a class=\"elementor-post__read-more\" href=\"https:\/\/sportingxirivella.com\/index.php\/2023\/11\/20\/ebienvenidos-al-blog-del-cf-sporting-xirivella-descubre-el-alma-del-deporte-en-xiriveelementor\/\" aria-label=\"M\u00e1s informaci\u00f3n sobre \u00a1Bienvenidos al Blog del CF Sporting Xirivella! Descubre el Alma del Deporte en Xirivella\" tabindex=\"-1\" >\n\t\t\tRead More \u00bb\t\t<\/a>\n\n\t\t\t\t<\/div>\n\t\t\t\t<\/article>\n\t\t\t\t<article class=\"elementor-post elementor-grid-item post-1 post type-post status-publish format-standard hentry category-uncategorized\" role=\"listitem\">\n\t\t\t\t<div class=\"elementor-post__text\">\n\t\t\t\t<h3 class=\"elementor-post__title\">\n\t\t\t<a href=\"https:\/\/sportingxirivella.com\/index.php\/2021\/07\/19\/hello-world\/\" >\n\t\t\t\tHello world!\t\t\t<\/a>\n\t\t<\/h3>\n\t\t\t\t<div class=\"elementor-post__meta-data\">\n\t\t\t\t\t<span class=\"elementor-post-date\">\n\t\t\tjulio 19, 2021\t\t<\/span>\n\t\t\t\t<span class=\"elementor-post-avatar\">\n\t\t\t1 comentario\t\t<\/span>\n\t\t\t\t<\/div>\n\t\t\t\t<div class=\"elementor-post__excerpt\">\n\t\t\t<p>Welcome to WordPress. This is your first post. Edit or delete it, then start writing!<\/p>\n\t\t<\/div>\n\t\t\n\t\t<a class=\"elementor-post__read-more\" href=\"https:\/\/sportingxirivella.com\/index.php\/2021\/07\/19\/hello-world\/\" aria-label=\"M\u00e1s informaci\u00f3n sobre Hello world!\" tabindex=\"-1\" >\n\t\t\tRead More \u00bb\t\t<\/a>\n\n\t\t\t\t<\/div>\n\t\t\t\t<\/article>\n\t\t\t\t<\/div>\n\t\t\n\t\t\t\t\t\t<\/div>\n\t\t\t\t<\/div>\n\t\t\t\t\t<\/div>\n\t\t\t\t<\/div>\n\t\t\t\t<\/div>\n\t\t","protected":false},"excerpt":{"rendered":"<p>A\u00f1ade aqu\u00ed tu texto de cabecera \u00daLTIMAS NOTICIAS Mantente al tanto de todas las actualizaciones del CF Sporting Xirivella. No te pierdas ninguna noticia relevante de nuestro equipo.<\/p>\n","protected":false},"author":2,"featured_media":0,"parent":0,"menu_order":0,"comment_status":"closed","ping_status":"closed","template":"","meta":{"footnotes":""},"class_list":["post-863","page","type-page","status-publish","hentry"],"_links":{"self":[{"href":"https:\/\/sportingxirivella.com\/index.php\/wp-json\/wp\/v2\/pages\/863","targetHints":{"allow":["GET"]}}],"collection":[{"href":"https:\/\/sportingxirivella.com\/index.php\/wp-json\/wp\/v2\/pages"}],"about":[{"href":"https:\/\/sportingxirivella.com\/index.php\/wp-json\/wp\/v2\/types\/page"}],"author":[{"embeddable":true,"href":"https:\/\/sportingxirivella.com\/index.php\/wp-json\/wp\/v2\/users\/2"}],"replies":[{"embeddable":true,"href":"https:\/\/sportingxirivella.com\/index.php\/wp-json\/wp\/v2\/comments?post=863"}],"version-history":[{"count":8,"href":"https:\/\/sportingxirivella.com\/index.php\/wp-json\/wp\/v2\/pages\/863\/revisions"}],"predecessor-version":[{"id":1952,"href":"https:\/\/sportingxirivella.com\/index.php\/wp-json\/wp\/v2\/pages\/863\/revisions\/1952"}],"wp:attachment":[{"href":"https:\/\/sportingxirivella.com\/index.php\/wp-json\/wp\/v2\/media?parent=863"}],"curies":[{"name":"wp","href":"https:\/\/api.w.org\/{rel}","templated":true}]}}