{"id":1579,"date":"2024-04-11T10:43:40","date_gmt":"2024-04-11T10:43:40","guid":{"rendered":"https:\/\/sportingxirivella.com\/?page_id=1579"},"modified":"2024-04-11T12:34:28","modified_gmt":"2024-04-11T12:34:28","slug":"normativa","status":"publish","type":"page","link":"https:\/\/sportingxirivella.com\/index.php\/normativa\/","title":{"rendered":"Normativa"},"content":{"rendered":"\t\t<div data-elementor-type=\"wp-page\" data-elementor-id=\"1579\" class=\"elementor elementor-1579\" data-elementor-post-type=\"page\">\n\t\t\t\t<div class=\"elementor-element elementor-element-a1dfff8 e-flex e-con-boxed e-con e-parent\" data-id=\"a1dfff8\" data-element_type=\"container\" data-e-type=\"container\">\n\t\t\t\t\t<div class=\"e-con-inner\">\n\t\t\t\t<div class=\"elementor-element elementor-element-18419b1 elementor-widget elementor-widget-heading\" data-id=\"18419b1\" data-element_type=\"widget\" data-e-type=\"widget\" data-widget_type=\"heading.default\">\n\t\t\t\t\t<h2 class=\"elementor-heading-title elementor-size-default\">NORMATIVA 2024\/2025<\/h2>\t\t\t\t<\/div>\n\t\t\t\t\t<\/div>\n\t\t\t\t<\/div>\n\t\t<div class=\"elementor-element elementor-element-75d4414 e-flex e-con-boxed e-con e-parent\" data-id=\"75d4414\" data-element_type=\"container\" data-e-type=\"container\">\n\t\t\t\t\t<div class=\"e-con-inner\">\n\t\t\t\t<div class=\"elementor-element elementor-element-c666135 elementor-widget elementor-widget-text-editor\" data-id=\"c666135\" data-element_type=\"widget\" data-e-type=\"widget\" data-widget_type=\"text-editor.default\">\n\t\t\t\t\t\t\t\t\t<p>&#8211; En el caso de que un jugador desee darse de baja del club estando con ficha federativa, ser\u00e1 necesario el pago correspondiente por todo el a\u00f1o para proceder con la baja oficial del club.<\/p><p>\u00a0<\/p><p>&#8211; Es obligatorio que todos los jugadores lleguen a los partidos vistiendo el ch\u00e1ndal o polo oficial del club. Asimismo, se les recuerda que no deben utilizar las botas de f\u00fatbol hasta el momento de calentar o iniciar el partido. Al concluir los partidos, se les requiere a los jugadores que se duchen o cambien de ropa antes de salir del recinto, debiendo vestir nuevamente el ch\u00e1ndal o polo del club.<\/p><p>\u00a0<\/p><p>&#8211; Se proh\u00edbe el uso de ropa de otros clubes durante los partidos y entrenamientos. Todos los jugadores deben utilizar exclusivamente la indumentaria del club en todas las actividades relacionadas con el mismo.<\/p><p>\u00a0<\/p><p>&#8211; Ning\u00fan jugador podr\u00e1 entrenar o participar en partidos con otro equipo desde la preinscripci\u00f3n hasta el final de la temporada, sin la autorizaci\u00f3n previa del club.<\/p><p>&#8211; Es indispensable destacar que la participaci\u00f3n en cualquier programa de tecnificaci\u00f3n distinto a PapoFut est\u00e1 estrictamente prohibida. En caso de que alg\u00fan participante incumpla esta normativa, nos reservamos el derecho de aplicar sanciones que la junta directiva considere pertinente.<\/p><p>\u00a0<\/p><p>&#8211; Es obligatorio para los jugadores informar con antelaci\u00f3n al entrenador en caso de no poder asistir a un entrenamiento programado. En caso de ausencia sin previo aviso, el entrenador se reserva el derecho de aplicar sanciones durante el partido del fin de semana siguiente<\/p><p>\u00a0<\/p><p>&#8211; Se proh\u00edbe a los padres o familiares dar instrucciones desde la banda o intervenir en la direcci\u00f3n de los jugadores durante los partidos o entrenamientos. Cualquier infracci\u00f3n a esta norma puede resultar en sanciones disciplinarias determinadas por el club, seg\u00fan lo considerado apropiado por la direcci\u00f3n t\u00e9cnica.<\/p><p>\u00a0<\/p><p>&#8211; La inscripci\u00f3n inicial en F\u00fatbol 8 y F\u00fatbol 11 no garantiza la reserva de plaza definitiva ni la asignaci\u00f3n del jugador a un equipo espec\u00edfico de antemano. Esta asignaci\u00f3n ser\u00e1 determinada por la direcci\u00f3n deportiva del club. Si el jugador no es admitido definitivamente, el club reembolsar\u00e1 completamente el importe pagado en concepto de inscripci\u00f3n inicial.<\/p><p>\u00a0<\/p><p>&#8211; La afiliaci\u00f3n de un jugador al CF Sporting Xirivella otorga el permiso para la creaci\u00f3n de im\u00e1genes y videos, as\u00ed como su posterior publicaci\u00f3n en redes sociales u otros medios de comunicaci\u00f3n.<\/p><p>\u00a0<\/p><p>&#8211; En el caso de que un jugador no est\u00e9 al corriente de sus pagos, podr\u00e1 ser excluido de los entrenamientos, partidos e incluso ser sustituido por otro jugador. Se le otorgar\u00e1 un plazo de 7 d\u00edas, a partir del aviso, para regularizar su situaci\u00f3n.<\/p><p>\u00a0<\/p><p>&#8211; En caso de lesi\u00f3n, el jugador deber\u00e1 comunicarse con el club para recibir instrucciones sobre d\u00f3nde debe acudir. El club no se har\u00e1 responsable de ninguna lesi\u00f3n que no sea atendida en la mutualidad de la federaci\u00f3n o en el hospital designado.<\/p><p>\u00a0<\/p><p><span style=\"color: #000000;\">\u00a0<\/span><\/p>\t\t\t\t\t\t\t\t<\/div>\n\t\t\t\t\t<\/div>\n\t\t\t\t<\/div>\n\t\t\t\t<\/div>\n\t\t","protected":false},"excerpt":{"rendered":"<p>NORMATIVA 2024\/2025 &#8211; En el caso de que un jugador desee darse de baja del club estando con ficha federativa, ser\u00e1 necesario el pago correspondiente por todo el a\u00f1o para proceder con la baja oficial del club. \u00a0 &#8211; Es obligatorio que todos los jugadores lleguen a los partidos vistiendo el ch\u00e1ndal o polo oficial [&hellip;]<\/p>\n","protected":false},"author":2,"featured_media":0,"parent":0,"menu_order":0,"comment_status":"closed","ping_status":"closed","template":"","meta":{"footnotes":""},"class_list":["post-1579","page","type-page","status-publish","hentry"],"_links":{"self":[{"href":"https:\/\/sportingxirivella.com\/index.php\/wp-json\/wp\/v2\/pages\/1579","targetHints":{"allow":["GET"]}}],"collection":[{"href":"https:\/\/sportingxirivella.com\/index.php\/wp-json\/wp\/v2\/pages"}],"about":[{"href":"https:\/\/sportingxirivella.com\/index.php\/wp-json\/wp\/v2\/types\/page"}],"author":[{"embeddable":true,"href":"https:\/\/sportingxirivella.com\/index.php\/wp-json\/wp\/v2\/users\/2"}],"replies":[{"embeddable":true,"href":"https:\/\/sportingxirivella.com\/index.php\/wp-json\/wp\/v2\/comments?post=1579"}],"version-history":[{"count":8,"href":"https:\/\/sportingxirivella.com\/index.php\/wp-json\/wp\/v2\/pages\/1579\/revisions"}],"predecessor-version":[{"id":1588,"href":"https:\/\/sportingxirivella.com\/index.php\/wp-json\/wp\/v2\/pages\/1579\/revisions\/1588"}],"wp:attachment":[{"href":"https:\/\/sportingxirivella.com\/index.php\/wp-json\/wp\/v2\/media?parent=1579"}],"curies":[{"name":"wp","href":"https:\/\/api.w.org\/{rel}","templated":true}]}}